{"id":3942,"date":"2021-07-02T21:52:23","date_gmt":"2021-07-02T21:52:23","guid":{"rendered":"https:\/\/astrids.la-studioweb.com\/?page_id=3942"},"modified":"2024-12-04T21:18:36","modified_gmt":"2024-12-04T18:18:36","slug":"hizmetlerimiz","status":"publish","type":"page","link":"https:\/\/devserotomotiv.com.tr\/index.php\/hizmetlerimiz\/","title":{"rendered":"Hizmetlerimiz"},"content":{"rendered":"\t\t<div data-elementor-type=\"wp-page\" data-elementor-id=\"3942\" class=\"elementor elementor-3942\">\n\t\t\t\t\t\t<div class=\"elementor-section elementor-top-section elementor-element elementor-element-405ebba elementor-section-boxed elementor-section-height-default elementor-section-height-default e-parent\" data-id=\"405ebba\" data-element_type=\"section\">\n\t\t\t\t\t\t<div class=\"elementor-container elementor-column-gap-no\">\n\t\t\t\t\t<div class=\"elementor-column elementor-col-100 elementor-top-column elementor-element elementor-element-628673a lakit-col-width-auto-no\" data-id=\"628673a\" data-element_type=\"column\">\n\t\t\t<div class=\"elementor-widget-wrap elementor-element-populated\">\n\t\t\t\t\t\t<div class=\"elementor-element elementor-element-d4f5c9e elementor-invisible elementor-widget elementor-widget-heading\" data-id=\"d4f5c9e\" data-element_type=\"widget\" data-settings=\"{&quot;_animation&quot;:&quot;lakitShortFadeInUp&quot;,&quot;_animation_delay&quot;:200}\" data-widget_type=\"heading.default\">\n\t\t\t\t<div class=\"elementor-widget-container\">\n\t\t\t\t\t<h1 class=\"elementor-heading-title elementor-size-default\">Hizmetlerimiz<\/h1>\t\t\t\t<\/div>\n\t\t\t\t<\/div>\n\t\t\t\t\t<\/div>\n\t\t<\/div>\n\t\t\t\t\t<\/div>\n\t\t<\/div>\n\t\t\t\t<div class=\"elementor-section elementor-top-section elementor-element elementor-element-293047b elementor-section-full_width elementor-section-height-default elementor-section-height-default e-parent\" data-id=\"293047b\" data-element_type=\"section\">\n\t\t\t\t\t\t<div class=\"elementor-container elementor-column-gap-no\">\n\t\t\t\t\t<div class=\"elementor-column elementor-col-100 elementor-top-column elementor-element elementor-element-e205af9 lakit-col-width-auto-no\" data-id=\"e205af9\" data-element_type=\"column\">\n\t\t\t<div class=\"elementor-widget-wrap elementor-element-populated\">\n\t\t\t\t\t\t<div class=\"elementor-element elementor-element-63eb505 img-pos-center elementor-invisible elementor-widget elementor-widget-lastudio-portfolio\" data-id=\"63eb505\" data-element_type=\"widget\" data-settings=\"{&quot;_animation&quot;:&quot;lakitShortFadeInUp&quot;,&quot;_animation_delay&quot;:400}\" data-widget_type=\"lastudio-portfolio.default\">\n\t\t\t\t<div class=\"elementor-widget-container\">\n\t\t\t\t\t\n<div id=\"pf_63eb505\" class=\"lastudio-portfolio layout-type-grid preset-type-4 playout-grid\">    <div class=\"lastudio-portfolio__list_wrapper\">\n        <div class=\"lastudio-portfolio__list active-object-fit grid-items block-grid-1 laptop-block-grid-1 tablet-block-grid-1 mobile-block-grid-1 xmobile-block-grid-1 js-el la-slick-slider lastudio-carousel -has-effect\" data-item_selector=\".loop__item\" data-slider_config=\"{&quot;slidesToShow&quot;:{&quot;desktop&quot;:1,&quot;laptop&quot;:1,&quot;tablet&quot;:1,&quot;mobile_extra&quot;:1,&quot;mobile&quot;:1},&quot;autoplaySpeed&quot;:5000,&quot;autoplay&quot;:false,&quot;infinite&quot;:true,&quot;pauseOnHover&quot;:false,&quot;speed&quot;:500,&quot;arrows&quot;:true,&quot;dots&quot;:false,&quot;centerMode&quot;:true,&quot;slidesToScroll&quot;:1,&quot;prevArrow&quot;:&quot;&lt;button class=\\&quot;lastudio-arrow prev-arrow slick-prev\\&quot;&gt;&lt;i class=\\&quot;lastudioicon-arrow-left\\&quot;&gt;&lt;\\\/i&gt;&lt;\\\/button&gt;&quot;,&quot;nextArrow&quot;:&quot;&lt;button class=\\&quot;lastudio-arrow next-arrow slick-next\\&quot;&gt;&lt;i class=\\&quot;lastudioicon-arrow-right\\&quot;&gt;&lt;\\\/i&gt;&lt;\\\/button&gt;&quot;,&quot;rtl&quot;:false,&quot;initialSlide&quot;:0,&quot;fade&quot;:false}\" dir=\"ltr\" data-la_component=\"AutoCarousel\" data-effectin=\"fadeInUp\" data-effectout=\"fadeOutUp\" data-effecttarget=\".lastudio-portfolio__content\">\n        <article class=\"loop__item grid-item lastudio-portfolio__item visible-status post-8088 la_portfolio type-la_portfolio status-publish has-post-thumbnail hentry la_portfolio_category-otomotiv\">\n    <div class=\"lastudio-portfolio__inner\">\n        <div class=\"lastudio-portfolio__image_wrap\">\n            <a class=\"lastudio-images-layout__link\" href=\"https:\/\/devserotomotiv.com.tr\/index.php\/portfolio\/far-temizleme-hizmeti\/\">\n                <figure class=\"figure__object_fit lastudio-portfolio__image\">\n                    <img fetchpriority=\"high\" decoding=\"async\" width=\"1920\" height=\"1080\" style=\"--img-height:1080px\" src=\"https:\/\/devserotomotiv.com.tr\/wp-content\/uploads\/2024\/12\/far-sly.jpg\" class=\"lastudio-portfolio__image-instance wp-post-image\" alt=\"\" srcset=\"https:\/\/devserotomotiv.com.tr\/wp-content\/uploads\/2024\/12\/far-sly.jpg 1920w, https:\/\/devserotomotiv.com.tr\/wp-content\/uploads\/2024\/12\/far-sly-1536x864.jpg 1536w\" sizes=\"(max-width: 1920px) 100vw, 1920px\" \/>                <\/figure>\n            <\/a>\n            <div class=\"lastudio-portfolio__icons\">\n                <a href=\"https:\/\/devserotomotiv.com.tr\/index.php\/portfolio\/far-temizleme-hizmeti\/\" class=\"lastudio-portfolio__icon_link\"><i class=\"lastudioicon-e-add\"><\/i><\/a>\n            <\/div>\n        <\/div>\n        <div class=\"lastudio-portfolio__content\">\n            <div class=\"lastudio-portfolio__content-inner\">\n                <div class=\"lastudio-portfolio__content-inner2\"><h3 class=\"lastudio-portfolio__title\"><a href=\"https:\/\/devserotomotiv.com.tr\/index.php\/portfolio\/far-temizleme-hizmeti\/\">Far Temizleme Hizmeti<\/a><\/h3><div class=\"lastudio-portfolio__button_wrap\"><a class=\"lastudio-portfolio__button elementor-button-link elementor-button elementor-btn-align-icon-left\" href=\"https:\/\/devserotomotiv.com.tr\/index.php\/portfolio\/far-temizleme-hizmeti\/\"><span class=\"elementor-button-content-wrapper\"><span class=\"elementor-button-icon elementor-align-icon-left\"><svg xmlns=\"http:\/\/www.w3.org\/2000\/svg\" width=\"32\" height=\"12\" fill=\"none\" viewBox=\"0 0 32 12\"><path fill=\"none\" stroke=\"currentColor\" stroke-linecap=\"round\" stroke-linejoin=\"round\" stroke-miterlimit=\"10\" d=\"M1 6h30m-4.5-5l5 5-5 5\"><\/path><\/svg><\/span><\/span><\/a><\/div>                <\/div>\n            <\/div>\n        <\/div>\n    <\/div>\n<\/article><article class=\"loop__item grid-item lastudio-portfolio__item visible-status post-8069 la_portfolio type-la_portfolio status-publish has-post-thumbnail hentry la_portfolio_category-otomotiv\">\n    <div class=\"lastudio-portfolio__inner\">\n        <div class=\"lastudio-portfolio__image_wrap\">\n            <a class=\"lastudio-images-layout__link\" href=\"https:\/\/devserotomotiv.com.tr\/index.php\/portfolio\/pasta-cila-hizmeti\/\">\n                <figure class=\"figure__object_fit lastudio-portfolio__image\">\n                    <img decoding=\"async\" width=\"1920\" height=\"1080\" style=\"--img-height:1080px\" src=\"https:\/\/devserotomotiv.com.tr\/wp-content\/uploads\/2024\/12\/pstcl.jpg\" class=\"lastudio-portfolio__image-instance wp-post-image\" alt=\"\" srcset=\"https:\/\/devserotomotiv.com.tr\/wp-content\/uploads\/2024\/12\/pstcl.jpg 1920w, https:\/\/devserotomotiv.com.tr\/wp-content\/uploads\/2024\/12\/pstcl-1536x864.jpg 1536w\" sizes=\"(max-width: 1920px) 100vw, 1920px\" \/>                <\/figure>\n            <\/a>\n            <div class=\"lastudio-portfolio__icons\">\n                <a href=\"https:\/\/devserotomotiv.com.tr\/index.php\/portfolio\/pasta-cila-hizmeti\/\" class=\"lastudio-portfolio__icon_link\"><i class=\"lastudioicon-e-add\"><\/i><\/a>\n            <\/div>\n        <\/div>\n        <div class=\"lastudio-portfolio__content\">\n            <div class=\"lastudio-portfolio__content-inner\">\n                <div class=\"lastudio-portfolio__content-inner2\"><h3 class=\"lastudio-portfolio__title\"><a href=\"https:\/\/devserotomotiv.com.tr\/index.php\/portfolio\/pasta-cila-hizmeti\/\">Pasta Cila Hizmeti<\/a><\/h3><div class=\"lastudio-portfolio__button_wrap\"><a class=\"lastudio-portfolio__button elementor-button-link elementor-button elementor-btn-align-icon-left\" href=\"https:\/\/devserotomotiv.com.tr\/index.php\/portfolio\/pasta-cila-hizmeti\/\"><span class=\"elementor-button-content-wrapper\"><span class=\"elementor-button-icon elementor-align-icon-left\"><svg xmlns=\"http:\/\/www.w3.org\/2000\/svg\" width=\"32\" height=\"12\" fill=\"none\" viewBox=\"0 0 32 12\"><path fill=\"none\" stroke=\"currentColor\" stroke-linecap=\"round\" stroke-linejoin=\"round\" stroke-miterlimit=\"10\" d=\"M1 6h30m-4.5-5l5 5-5 5\"><\/path><\/svg><\/span><\/span><\/a><\/div>                <\/div>\n            <\/div>\n        <\/div>\n    <\/div>\n<\/article><article class=\"loop__item grid-item lastudio-portfolio__item visible-status post-8015 la_portfolio type-la_portfolio status-publish has-post-thumbnail hentry la_portfolio_category-otomotiv\">\n    <div class=\"lastudio-portfolio__inner\">\n        <div class=\"lastudio-portfolio__image_wrap\">\n            <a class=\"lastudio-images-layout__link\" href=\"https:\/\/devserotomotiv.com.tr\/index.php\/portfolio\/periyodik-arac-bakimi\/\">\n                <figure class=\"figure__object_fit lastudio-portfolio__image\">\n                    <img decoding=\"async\" width=\"1920\" height=\"1080\" style=\"--img-height:1080px\" src=\"https:\/\/devserotomotiv.com.tr\/wp-content\/uploads\/2024\/12\/bkm1.jpg\" class=\"lastudio-portfolio__image-instance wp-post-image\" alt=\"\" srcset=\"https:\/\/devserotomotiv.com.tr\/wp-content\/uploads\/2024\/12\/bkm1.jpg 1920w, https:\/\/devserotomotiv.com.tr\/wp-content\/uploads\/2024\/12\/bkm1-1536x864.jpg 1536w\" sizes=\"(max-width: 1920px) 100vw, 1920px\" \/>                <\/figure>\n            <\/a>\n            <div class=\"lastudio-portfolio__icons\">\n                <a href=\"https:\/\/devserotomotiv.com.tr\/index.php\/portfolio\/periyodik-arac-bakimi\/\" class=\"lastudio-portfolio__icon_link\"><i class=\"lastudioicon-e-add\"><\/i><\/a>\n            <\/div>\n        <\/div>\n        <div class=\"lastudio-portfolio__content\">\n            <div class=\"lastudio-portfolio__content-inner\">\n                <div class=\"lastudio-portfolio__content-inner2\"><h3 class=\"lastudio-portfolio__title\"><a href=\"https:\/\/devserotomotiv.com.tr\/index.php\/portfolio\/periyodik-arac-bakimi\/\">Periyodik Ara\u00e7 Bak\u0131m\u0131<\/a><\/h3><div class=\"lastudio-portfolio__button_wrap\"><a class=\"lastudio-portfolio__button elementor-button-link elementor-button elementor-btn-align-icon-left\" href=\"https:\/\/devserotomotiv.com.tr\/index.php\/portfolio\/periyodik-arac-bakimi\/\"><span class=\"elementor-button-content-wrapper\"><span class=\"elementor-button-icon elementor-align-icon-left\"><svg xmlns=\"http:\/\/www.w3.org\/2000\/svg\" width=\"32\" height=\"12\" fill=\"none\" viewBox=\"0 0 32 12\"><path fill=\"none\" stroke=\"currentColor\" stroke-linecap=\"round\" stroke-linejoin=\"round\" stroke-miterlimit=\"10\" d=\"M1 6h30m-4.5-5l5 5-5 5\"><\/path><\/svg><\/span><\/span><\/a><\/div>                <\/div>\n            <\/div>\n        <\/div>\n    <\/div>\n<\/article><article class=\"loop__item grid-item lastudio-portfolio__item visible-status post-7929 la_portfolio type-la_portfolio status-publish has-post-thumbnail hentry la_portfolio_category-otomotiv\">\n    <div class=\"lastudio-portfolio__inner\">\n        <div class=\"lastudio-portfolio__image_wrap\">\n            <a class=\"lastudio-images-layout__link\" href=\"https:\/\/devserotomotiv.com.tr\/index.php\/portfolio\/mekanik-islemler\/\">\n                <figure class=\"figure__object_fit lastudio-portfolio__image\">\n                    <img loading=\"lazy\" decoding=\"async\" width=\"1920\" height=\"1080\" style=\"--img-height:1080px\" src=\"https:\/\/devserotomotiv.com.tr\/wp-content\/uploads\/2024\/12\/mechanic-care.jpg\" class=\"lastudio-portfolio__image-instance wp-post-image\" alt=\"\" srcset=\"https:\/\/devserotomotiv.com.tr\/wp-content\/uploads\/2024\/12\/mechanic-care.jpg 1920w, https:\/\/devserotomotiv.com.tr\/wp-content\/uploads\/2024\/12\/mechanic-care-1536x864.jpg 1536w\" sizes=\"(max-width: 1920px) 100vw, 1920px\" \/>                <\/figure>\n            <\/a>\n            <div class=\"lastudio-portfolio__icons\">\n                <a href=\"https:\/\/devserotomotiv.com.tr\/index.php\/portfolio\/mekanik-islemler\/\" class=\"lastudio-portfolio__icon_link\"><i class=\"lastudioicon-e-add\"><\/i><\/a>\n            <\/div>\n        <\/div>\n        <div class=\"lastudio-portfolio__content\">\n            <div class=\"lastudio-portfolio__content-inner\">\n                <div class=\"lastudio-portfolio__content-inner2\"><h3 class=\"lastudio-portfolio__title\"><a href=\"https:\/\/devserotomotiv.com.tr\/index.php\/portfolio\/mekanik-islemler\/\">Mekanik \u0130\u015flemler<\/a><\/h3><div class=\"lastudio-portfolio__button_wrap\"><a class=\"lastudio-portfolio__button elementor-button-link elementor-button elementor-btn-align-icon-left\" href=\"https:\/\/devserotomotiv.com.tr\/index.php\/portfolio\/mekanik-islemler\/\"><span class=\"elementor-button-content-wrapper\"><span class=\"elementor-button-icon elementor-align-icon-left\"><svg xmlns=\"http:\/\/www.w3.org\/2000\/svg\" width=\"32\" height=\"12\" fill=\"none\" viewBox=\"0 0 32 12\"><path fill=\"none\" stroke=\"currentColor\" stroke-linecap=\"round\" stroke-linejoin=\"round\" stroke-miterlimit=\"10\" d=\"M1 6h30m-4.5-5l5 5-5 5\"><\/path><\/svg><\/span><\/span><\/a><\/div>                <\/div>\n            <\/div>\n        <\/div>\n    <\/div>\n<\/article><article class=\"loop__item grid-item lastudio-portfolio__item visible-status post-4332 la_portfolio type-la_portfolio status-publish has-post-thumbnail hentry la_portfolio_category-otomotiv\">\n    <div class=\"lastudio-portfolio__inner\">\n        <div class=\"lastudio-portfolio__image_wrap\">\n            <a class=\"lastudio-images-layout__link\" href=\"https:\/\/devserotomotiv.com.tr\/index.php\/portfolio\/kaporta-boya\/\">\n                <figure class=\"figure__object_fit lastudio-portfolio__image\">\n                    <img loading=\"lazy\" decoding=\"async\" width=\"1920\" height=\"1080\" style=\"--img-height:1080px\" src=\"https:\/\/devserotomotiv.com.tr\/wp-content\/uploads\/2021\/07\/DO01.jpg\" class=\"lastudio-portfolio__image-instance wp-post-image\" alt=\"\" srcset=\"https:\/\/devserotomotiv.com.tr\/wp-content\/uploads\/2021\/07\/DO01.jpg 1920w, https:\/\/devserotomotiv.com.tr\/wp-content\/uploads\/2021\/07\/DO01-1536x864.jpg 1536w\" sizes=\"(max-width: 1920px) 100vw, 1920px\" \/>                <\/figure>\n            <\/a>\n            <div class=\"lastudio-portfolio__icons\">\n                <a href=\"https:\/\/devserotomotiv.com.tr\/index.php\/portfolio\/kaporta-boya\/\" class=\"lastudio-portfolio__icon_link\"><i class=\"lastudioicon-e-add\"><\/i><\/a>\n            <\/div>\n        <\/div>\n        <div class=\"lastudio-portfolio__content\">\n            <div class=\"lastudio-portfolio__content-inner\">\n                <div class=\"lastudio-portfolio__content-inner2\"><h3 class=\"lastudio-portfolio__title\"><a href=\"https:\/\/devserotomotiv.com.tr\/index.php\/portfolio\/kaporta-boya\/\">Kaporta Boya<\/a><\/h3><div class=\"lastudio-portfolio__button_wrap\"><a class=\"lastudio-portfolio__button elementor-button-link elementor-button elementor-btn-align-icon-left\" href=\"https:\/\/devserotomotiv.com.tr\/index.php\/portfolio\/kaporta-boya\/\"><span class=\"elementor-button-content-wrapper\"><span class=\"elementor-button-icon elementor-align-icon-left\"><svg xmlns=\"http:\/\/www.w3.org\/2000\/svg\" width=\"32\" height=\"12\" fill=\"none\" viewBox=\"0 0 32 12\"><path fill=\"none\" stroke=\"currentColor\" stroke-linecap=\"round\" stroke-linejoin=\"round\" stroke-miterlimit=\"10\" d=\"M1 6h30m-4.5-5l5 5-5 5\"><\/path><\/svg><\/span><\/span><\/a><\/div>                <\/div>\n            <\/div>\n        <\/div>\n    <\/div>\n<\/article>        <\/div>\n    <\/div>\n    \n    <\/div>\n\t\t\t\t<\/div>\n\t\t\t\t<\/div>\n\t\t\t\t\t<\/div>\n\t\t<\/div>\n\t\t\t\t\t<\/div>\n\t\t<\/div>\n\t\t\t\t<\/div>\n\t\t","protected":false},"excerpt":{"rendered":"<p>Hizmetlerimiz Black &#038; Gold Luxury Design New York Opera Design Mega Mall Exterior Design Single Portfolio 03 Single Portfolio 02 Single Portfolio 01<\/p>\n","protected":false},"author":1,"featured_media":0,"parent":0,"menu_order":0,"comment_status":"closed","ping_status":"closed","template":"","meta":{"footnotes":""},"class_list":["post-3942","page","type-page","status-publish","hentry"],"_links":{"self":[{"href":"https:\/\/devserotomotiv.com.tr\/index.php\/wp-json\/wp\/v2\/pages\/3942","targetHints":{"allow":["GET"]}}],"collection":[{"href":"https:\/\/devserotomotiv.com.tr\/index.php\/wp-json\/wp\/v2\/pages"}],"about":[{"href":"https:\/\/devserotomotiv.com.tr\/index.php\/wp-json\/wp\/v2\/types\/page"}],"author":[{"embeddable":true,"href":"https:\/\/devserotomotiv.com.tr\/index.php\/wp-json\/wp\/v2\/users\/1"}],"replies":[{"embeddable":true,"href":"https:\/\/devserotomotiv.com.tr\/index.php\/wp-json\/wp\/v2\/comments?post=3942"}],"version-history":[{"count":5,"href":"https:\/\/devserotomotiv.com.tr\/index.php\/wp-json\/wp\/v2\/pages\/3942\/revisions"}],"predecessor-version":[{"id":7757,"href":"https:\/\/devserotomotiv.com.tr\/index.php\/wp-json\/wp\/v2\/pages\/3942\/revisions\/7757"}],"wp:attachment":[{"href":"https:\/\/devserotomotiv.com.tr\/index.php\/wp-json\/wp\/v2\/media?parent=3942"}],"curies":[{"name":"wp","href":"https:\/\/api.w.org\/{rel}","templated":true}]}}