{"id":8198,"date":"2024-12-11T22:01:24","date_gmt":"2024-12-11T19:01:24","guid":{"rendered":"https:\/\/devserotomotiv.com.tr\/?page_id=8198"},"modified":"2024-12-11T22:03:44","modified_gmt":"2024-12-11T19:03:44","slug":"gizlilik-politikasi","status":"publish","type":"page","link":"https:\/\/devserotomotiv.com.tr\/index.php\/gizlilik-politikasi\/","title":{"rendered":"Gizlilik Politikas\u0131"},"content":{"rendered":"\t\t<div data-elementor-type=\"wp-page\" data-elementor-id=\"8198\" class=\"elementor elementor-8198\">\n\t\t\t\t<div class=\"elementor-element elementor-element-72f25ea e-con-full e-flex lakit-col-width-auto-no e-container e-root-container elementor-top-section e-con e-parent\" data-id=\"72f25ea\" data-element_type=\"container\">\n\t\t\t\t<div class=\"elementor-element elementor-element-0a42598 elementor-widget elementor-widget-text-editor\" data-id=\"0a42598\" data-element_type=\"widget\" data-widget_type=\"text-editor.default\">\n\t\t\t\t<div class=\"elementor-widget-container\">\n\t\t\t\t\t\t\t\t\t<div class=\"wd-text-block reset-last-child text-left\"><div class=\"wd-text-block reset-last-child text-left\"><article id=\"post-29927\" class=\"post-29927 page type-page status-publish hentry\"><div class=\"entry-content\"><div class=\"elementor elementor-29927\" data-elementor-type=\"wp-page\" data-elementor-id=\"29927\"><div class=\"wd-negative-gap elementor-element elementor-element-ed0e283 e-flex e-con-boxed e-con e-parent e-lazyloaded\" data-id=\"ed0e283\" data-element_type=\"container\"><div class=\"e-con-inner\"><div class=\"elementor-element elementor-element-a3253e4 elementor-widget elementor-widget-wd_text_block\" data-id=\"a3253e4\" data-element_type=\"widget\" data-widget_type=\"wd_text_block.default\"><div class=\"elementor-widget-container\"><div class=\"wd-text-block reset-last-child text-left\"><article id=\"post-2184\" class=\"post-2184 page type-page status-publish hentry\"><div class=\"entry-content\"><div class=\"elementor elementor-2184\" data-elementor-type=\"wp-page\" data-elementor-id=\"2184\"><div class=\"wd-negative-gap elementor-element elementor-element-fa9b71c e-flex e-con-boxed e-con e-parent e-lazyloaded\" data-id=\"fa9b71c\" data-element_type=\"container\"><div class=\"e-con-inner\"><div class=\"elementor-element elementor-element-a6072ac elementor-widget elementor-widget-wd_text_block\" data-id=\"a6072ac\" data-element_type=\"widget\" data-widget_type=\"wd_text_block.default\"><div class=\"elementor-widget-container\"><div class=\"wd-text-block reset-last-child text-left\"><p>devserotomotiv.com.tr\u2019ye \u00fcye olup kullanman\u0131z a\u015fa\u011f\u0131daki maddeleri kabul etti\u011finiz anlam\u0131na gelmektedir. devserotomotiv.com.tr a\u015fa\u011f\u0131daki maddeleri \u00f6nceden bilgi vermeksizin de\u011fi\u015ftirme ve g\u00fcncelleme hakk\u0131n\u0131 sakl\u0131 tutar.<\/p><h3>G\u00fcvenlik<\/h3><p>SSL ve g\u00fcvenli\u011finiz, SSL teknolojisi ile, sat\u0131n alma s\u00fcreci ba\u015flad\u0131\u011f\u0131nda kullan\u0131c\u0131 bilgisayar\u0131 ile banka aras\u0131nda do\u011frudan \u015fifreli bir ileti\u015fim olmakta ve kredi kart\u0131yla ilgili hi\u00e7bir bilgi devserotomotiv.com.tr \u00e7al\u0131\u015fanlar\u0131 ya da \u00fc\u00e7\u00fcnc\u00fc \u015fah\u0131slar taraf\u0131ndan g\u00f6r\u00fclmemektedir. \u201cinternet\u2019te g\u00fcvenli aliveri\u015f yapmak normal bir restoran ya da benzinlikte kredi kart\u0131n\u0131z\u0131 kullanmaktan daha g\u00fcvenlidir.\u201d devserotomotiv.com.tr kredi kart\u0131 numaran\u0131z kay\u0131t edilmemektedir ve CVV2 numaran\u0131z sizin haricinizde kimse taraf\u0131ndan g\u00f6r\u00fclememektedir.<\/p><h3>Ki\u015fisel Bilgi G\u00fcvenli\u011fi<\/h3><p>devserotomotiv.com.tr verdiginiz t\u00fcm bilgiler kesinlikle gizli tutulacaktir.Kisisel bilgileriniz konusunda ne kadar hassas oldugunuzun bilincindeyiz. Bu bilgiler hi\u00e7bir \u015fekilde sat\u0131lmayacak ya da payla\u015f\u0131lmayacakt\u0131r.<\/p><h3>Siteye Verilen Ki\u015fisel Bilgiler<\/h3><p>Sitede vermi\u015f oldu\u011funuz ki\u015fisel bilgiler kesinlikle 3. \u015fah\u0131slara ve i\u015fletmelere verilmemektedir.<\/p><h3>\u00dcr\u00fcn Bilgileri<\/h3><p>Site \u00fczerinde \u00fcr\u00fcn ile ilgili verilen bilgilerde yaz\u0131m hatalar\u0131 veya bilgi eksiklikleri olabilir. devserotomotiv.com.tr bu hatalar\u0131 d\u00fczeltme hakk\u0131na ve bunun sonucunda baz\u0131 sipari\u015flerde iptal ya da de\u011fi\u015fiklikler yapma hakk\u0131n\u0131 sakl\u0131 tutar.<\/p><\/div><\/div><\/div><\/div><\/div><\/div><\/div><\/article><\/div><\/div><\/div><\/div><\/div><\/div><\/div><\/article><\/div><\/div>\t\t\t\t\t\t\t\t<\/div>\n\t\t\t\t<\/div>\n\t\t\t\t<\/div>\n\t\t\t\t<\/div>\n\t\t","protected":false},"excerpt":{"rendered":"<p>devserotomotiv.com.tr\u2019ye \u00fcye olup kullanman\u0131z a\u015fa\u011f\u0131daki maddeleri kabul etti\u011finiz anlam\u0131na gelmektedir. devserotomotiv.com.tr a\u015fa\u011f\u0131daki maddeleri \u00f6nceden bilgi vermeksizin de\u011fi\u015ftirme ve g\u00fcncelleme hakk\u0131n\u0131 sakl\u0131 tutar. G\u00fcvenlik SSL ve g\u00fcvenli\u011finiz, SSL teknolojisi ile, sat\u0131n alma s\u00fcreci ba\u015flad\u0131\u011f\u0131nda kullan\u0131c\u0131 bilgisayar\u0131 ile banka [&hellip;]<\/p>\n","protected":false},"author":1,"featured_media":0,"parent":0,"menu_order":0,"comment_status":"closed","ping_status":"closed","template":"","meta":{"footnotes":""},"class_list":["post-8198","page","type-page","status-publish","hentry"],"_links":{"self":[{"href":"https:\/\/devserotomotiv.com.tr\/index.php\/wp-json\/wp\/v2\/pages\/8198","targetHints":{"allow":["GET"]}}],"collection":[{"href":"https:\/\/devserotomotiv.com.tr\/index.php\/wp-json\/wp\/v2\/pages"}],"about":[{"href":"https:\/\/devserotomotiv.com.tr\/index.php\/wp-json\/wp\/v2\/types\/page"}],"author":[{"embeddable":true,"href":"https:\/\/devserotomotiv.com.tr\/index.php\/wp-json\/wp\/v2\/users\/1"}],"replies":[{"embeddable":true,"href":"https:\/\/devserotomotiv.com.tr\/index.php\/wp-json\/wp\/v2\/comments?post=8198"}],"version-history":[{"count":7,"href":"https:\/\/devserotomotiv.com.tr\/index.php\/wp-json\/wp\/v2\/pages\/8198\/revisions"}],"predecessor-version":[{"id":8205,"href":"https:\/\/devserotomotiv.com.tr\/index.php\/wp-json\/wp\/v2\/pages\/8198\/revisions\/8205"}],"wp:attachment":[{"href":"https:\/\/devserotomotiv.com.tr\/index.php\/wp-json\/wp\/v2\/media?parent=8198"}],"curies":[{"name":"wp","href":"https:\/\/api.w.org\/{rel}","templated":true}]}}